{"id":4771,"date":"2025-02-17T07:02:17","date_gmt":"2025-02-17T07:02:17","guid":{"rendered":"https:\/\/harmonie-vaals.nl\/blog\/?page_id=4771"},"modified":"2025-02-17T07:02:56","modified_gmt":"2025-02-17T07:02:56","slug":"de-making-off","status":"publish","type":"page","link":"https:\/\/harmonie-vaals.nl\/blog\/de-making-off\/","title":{"rendered":"DE \u201cMAKING OFF\u201d"},"content":{"rendered":"<div class=\"fusion-fullwidth fullwidth-box fusion-builder-row-1 fusion-flex-container nonhundred-percent-fullwidth non-hundred-percent-height-scrolling\" style=\"--awb-border-radius-top-left:0px;--awb-border-radius-top-right:0px;--awb-border-radius-bottom-right:0px;--awb-border-radius-bottom-left:0px;--awb-flex-wrap:wrap;\" ><div class=\"fusion-builder-row fusion-row fusion-flex-align-items-flex-start fusion-flex-content-wrap\" style=\"max-width:1404px;margin-left: calc(-4% \/ 2 );margin-right: calc(-4% \/ 2 );\"><div class=\"fusion-layout-column fusion_builder_column fusion-builder-column-0 fusion_builder_column_1_1 1_1 fusion-flex-column\" style=\"--awb-bg-size:cover;--awb-width-large:100%;--awb-margin-top-large:0px;--awb-spacing-right-large:1.92%;--awb-margin-bottom-large:0px;--awb-spacing-left-large:1.92%;--awb-width-medium:100%;--awb-spacing-right-medium:1.92%;--awb-spacing-left-medium:1.92%;--awb-width-small:100%;--awb-spacing-right-small:1.92%;--awb-spacing-left-small:1.92%;\"><div class=\"fusion-column-wrapper fusion-flex-justify-content-flex-start fusion-content-layout-column\"><div class=\"fusion-text fusion-text-1\"><p style=\"text-align: justify;\"><strong style=\"color: var(--awb-text-color); font-family: var(--awb-text-font-family); font-size: var(--awb-font-size); font-style: var(--awb-text-font-style); letter-spacing: var(--awb-letter-spacing); text-align: var(--awb-content-alignment); text-transform: var(--awb-text-transform); background-color: var(--awb-bg-color);\">HUB DEITZ CARNAVALSREVUE 2025  \u201c \u2019T IS POT WIE D\u00c8KKEL \u201d<\/strong><br \/>\n<strong><\/strong><\/p>\n<h1 style=\"text-align: justify;\"><strong><strong style=\"color: var(--awb-text-color); font-family: var(--awb-text-font-family); font-size: var(--awb-font-size); font-style: var(--awb-text-font-style); letter-spacing: var(--awb-letter-spacing); text-align: var(--awb-content-alignment); text-transform: var(--awb-text-transform); background-color: var(--awb-bg-color);\">DE \u201cMAKING OFF\u201d<\/strong><\/strong><\/h1>\n<\/p>\n<div style=\"text-align: justify;\"><span style=\"color: var(--awb-text-color); font-family: var(--awb-text-font-family); font-size: var(--awb-font-size); font-style: var(--awb-text-font-style); font-weight: var(--awb-text-font-weight); letter-spacing: var(--awb-letter-spacing); text-align: var(--awb-content-alignment); text-transform: var(--awb-text-transform); background-color: var(--awb-bg-color);\">Wie de HUB DEITZ CARNAVALSREVUE als een soort van geoliede machine ieder jaar weer over b\u00fchne ziet rollen, zou haast denken, dat het in de loop der jaren allemaal  vanzelfsprekend van opzet en afloop is. Niets is echter minder waar dan dat. De harmonie werkt ieder jaar weer vanaf nul aan een zorgvuldig en door velen gedragen proces naar een geheel origineel nieuwe uitvoering. Het is m.i. aan de tijd om na meer dan 20 steeds op zich staande revues eens de MAKING OFF (\u201cWie we\u00ebdt zoejet noen jemaat?\u201d) eens te beschrijven.<\/span><\/div>\n<div style=\"text-align: justify;\"><span style=\"color: var(--awb-text-color); font-family: var(--awb-text-font-family); font-size: var(--awb-font-size); font-style: var(--awb-text-font-style); font-weight: var(--awb-text-font-weight); letter-spacing: var(--awb-letter-spacing); text-align: var(--awb-content-alignment); text-transform: var(--awb-text-transform); background-color: var(--awb-bg-color);\">Het askruisje is nog niet verbleekt en de snoeppapiertjes nog niet van straat geveegd, of de leden van de HUB DEITZ CARNAVALSREVUE-commissie ( Huub Zegers, Eric Volders, Tanja Gouders, Jules Louvenberg, Manuela Crutzen, Michael Wassermann en Jo Kern) steken al weer voor de eerste keer de koppen bij elkaar om allereerst te evalueren, de verbeterpunten te benoemen en dan onder het genot van een drankje en een hapje alle gezamenlijke creativiteit \u201cin de groep te gooien\u201d. Dat is na zoveel revues geen sinecure: \u201cWat hebben we nog niet gehad? Waar zijn we nog niet geweest?\u201d. Ieders inbreng wordt gewogen en er gaan wel meerdere van die gezellige maar intensieve overlegmomenten overheen, voor er een basis is gevonden om daar een thema en de aanvang van een verhaal van te maken. Geen enkel idee wordt te gek, vreemd of niet maakbaar, geacht. Alles mag, of het kan, zien we dan wel. Mogelijke sketches, spectaculaire  sc\u00e8nes, sjtiemoeng, titel, personages, hoe gaan we het verschil maken tussen het eerste en tweede bedrijf (kenmerk van de revue), volgen. De eerste sc\u00e8nes worden provisorisch op tekst gezet. Muziekstukken worden geselecteerd. Solisten worden gepast bij de muziek of ook soms andersom en er worden dans-acts bedacht. Voor de acteurs worden de geschikte rollen geselecteerd om er typetjes van te gaan maken. Er wordt naar nieuwe acteurs en zangsolisten uitgekeken. Kortom, de revue-commissie brengt ballen aan het rollen, zet mensen aan het denken, zet mensen aan het werk, polst mensen of ze een bijdrage willen leveren. En dat allemaal binnen die grote moeziek-familie. Het script groeit, zowel verhaal als tekst, tot en met de passende muziek- en dansstukken. Dan volgen de kostumering, de attributen, de decorstukken en gaan creatieve makers, en voor sommige zaken de inkoper, aan het werk. De invulling van het LED-scherm is een apart verhaal. Als het verloop van het verhaal duidelijk is, gaan de acteurs in de kostuums en worden er foto\u2019s (Mireille Prange) en films (Michael Wassermann) gemaakt en kan Eric Volders aan het werk om er een boeiende beeldende ondersteuning als decor van te componeren. \u00c0 propos componeren: niet alle uitgezochte muziekstukken zijn voor harmonie-uitvoering te koop. Dan gaan de arrangeurs Fred Deitz, Patrick Sporken en Eric Volders aan het werk. De zangsolisten gaan hun huiswerk doen, er worden voor de dansers choreografie\u00ebn bedacht, o.a. door Maaike Cima, waarna men kan gaan repeteren. De eerste leesrepetities van de acteurs staan in het teken van \u201cschrijftekst is niet altijd meteen spreektekst\u201d. De teksten en de rollen groeien tot men toe is aan oefenen op de b\u00fchne: \u201cWie loopt hoe, wanneer en waar\u201d. Dan wordt uiteindelijk het definitieve script met alle bewegingen op de b\u00fchne, geluid, licht, muziek-en dansnummers, voor iedereen vervat in een draaiboek (Marjo Zegers), zodat zij samen met Floor Wassermann de uitvoeringen vanuit de coulissen in goede banen kan leiden. De laatste week v\u00f3\u00f3r de eerste uitvoering is er volop actie: Onder leiding van \u201cbouwmeesters\u201d Huub Zegers en Jacques Pelzer wordt de b\u00fchne (grote en kleine) in gereedheid gebracht. Zo\u2019n 20 mannen en vrouwen zijn anderhalve dag in de weer om de b\u00fchne speelklaar te maken: LED-scherm installeren, een camera voor life-beelden, decorstukken plaatsen, v\u00f3\u00f3rb\u00fchne aanbrengen, zitelementen voor het orkest plaatsen. Tegelijkertijd worden ook de kleedkamers in gereedheid gebracht, zodat alle kostuums e.d. op de juiste plaats hangen en wordt de zaal ingericht met de tafels en genummerde stoelen. In dezelfde week wordt er twee keer generaal gerepeteerd: de ene avond het eerste bedrijf, de tweede avond het tweede bedrijf: tekst, muziek, zang, dans, geluid (micro\u2019s en headsets), licht en de synchrone afloop op het LED-scherm. En dan zijn er nog twee spannende dagen in afwachting van het eerste sein \u201chaal het doek maar op\u201d! En wat er toen gebeurde: U hebt het (hopelijk) zelf mogen zien, horen en meemaken in de HUB DEITZ CARNAVALSREVUE 2025:<\/span><\/div>\n<p><strong><\/p>\n<div style=\"text-align: justify;\"><strong style=\"color: var(--awb-text-color); font-family: var(--awb-text-font-family); font-size: var(--awb-font-size); font-style: var(--awb-text-font-style); letter-spacing: var(--awb-letter-spacing); text-align: var(--awb-content-alignment); text-transform: var(--awb-text-transform); background-color: var(--awb-bg-color);\">\u201c \u2019T IS POT WIE D\u00c8KKEL \u201d.<\/strong><\/div>\n<p><\/strong><\/p>\n<\/div><\/div><\/div><\/div><\/div>\n","protected":false},"excerpt":{"rendered":"","protected":false},"author":1,"featured_media":4513,"parent":0,"menu_order":0,"comment_status":"closed","ping_status":"closed","template":"","meta":{"footnotes":""},"class_list":["post-4771","page","type-page","status-publish","has-post-thumbnail","hentry"],"yoast_head":"<!-- This site is optimized with the Yoast SEO plugin v27.5 - https:\/\/yoast.com\/product\/yoast-seo-wordpress\/ -->\n<title>DE \u201cMAKING OFF\u201d - Kon. harmonie St. Cecilia 1836 Vaals<\/title>\n<meta name=\"robots\" content=\"index, follow, max-snippet:-1, max-image-preview:large, max-video-preview:-1\" \/>\n<link rel=\"canonical\" href=\"https:\/\/harmonie-vaals.nl\/blog\/de-making-off\/\" \/>\n<meta property=\"og:locale\" content=\"nl_NL\" \/>\n<meta property=\"og:type\" content=\"article\" \/>\n<meta property=\"og:title\" content=\"DE \u201cMAKING OFF\u201d - Kon. harmonie St. Cecilia 1836 Vaals\" \/>\n<meta property=\"og:url\" content=\"https:\/\/harmonie-vaals.nl\/blog\/de-making-off\/\" \/>\n<meta property=\"og:site_name\" content=\"Kon. harmonie St. Cecilia 1836 Vaals\" \/>\n<meta property=\"article:publisher\" content=\"https:\/\/www.facebook.com\/DeMoeziek\/\" \/>\n<meta property=\"article:modified_time\" content=\"2025-02-17T07:02:56+00:00\" \/>\n<meta property=\"og:image\" content=\"https:\/\/harmonie-vaals.nl\/blog\/wp-content\/uploads\/2024\/10\/logo3.png\" \/>\n\t<meta property=\"og:image:width\" content=\"709\" \/>\n\t<meta property=\"og:image:height\" content=\"709\" \/>\n\t<meta property=\"og:image:type\" content=\"image\/png\" \/>\n<meta name=\"twitter:card\" content=\"summary_large_image\" \/>\n<meta name=\"twitter:label1\" content=\"Geschatte leestijd\" \/>\n\t<meta name=\"twitter:data1\" content=\"4 minuten\" \/>\n<script type=\"application\/ld+json\" class=\"yoast-schema-graph\">{\"@context\":\"https:\\\/\\\/schema.org\",\"@graph\":[{\"@type\":\"WebPage\",\"@id\":\"https:\\\/\\\/harmonie-vaals.nl\\\/blog\\\/de-making-off\\\/\",\"url\":\"https:\\\/\\\/harmonie-vaals.nl\\\/blog\\\/de-making-off\\\/\",\"name\":\"DE \u201cMAKING OFF\u201d - Kon. harmonie St. Cecilia 1836 Vaals\",\"isPartOf\":{\"@id\":\"https:\\\/\\\/harmonie-vaals.nl\\\/blog\\\/#website\"},\"primaryImageOfPage\":{\"@id\":\"https:\\\/\\\/harmonie-vaals.nl\\\/blog\\\/de-making-off\\\/#primaryimage\"},\"image\":{\"@id\":\"https:\\\/\\\/harmonie-vaals.nl\\\/blog\\\/de-making-off\\\/#primaryimage\"},\"thumbnailUrl\":\"https:\\\/\\\/harmonie-vaals.nl\\\/blog\\\/wp-content\\\/uploads\\\/2024\\\/10\\\/logo3.png\",\"datePublished\":\"2025-02-17T07:02:17+00:00\",\"dateModified\":\"2025-02-17T07:02:56+00:00\",\"breadcrumb\":{\"@id\":\"https:\\\/\\\/harmonie-vaals.nl\\\/blog\\\/de-making-off\\\/#breadcrumb\"},\"inLanguage\":\"nl-NL\",\"potentialAction\":[{\"@type\":\"ReadAction\",\"target\":[\"https:\\\/\\\/harmonie-vaals.nl\\\/blog\\\/de-making-off\\\/\"]}]},{\"@type\":\"ImageObject\",\"inLanguage\":\"nl-NL\",\"@id\":\"https:\\\/\\\/harmonie-vaals.nl\\\/blog\\\/de-making-off\\\/#primaryimage\",\"url\":\"https:\\\/\\\/harmonie-vaals.nl\\\/blog\\\/wp-content\\\/uploads\\\/2024\\\/10\\\/logo3.png\",\"contentUrl\":\"https:\\\/\\\/harmonie-vaals.nl\\\/blog\\\/wp-content\\\/uploads\\\/2024\\\/10\\\/logo3.png\",\"width\":709,\"height\":709},{\"@type\":\"BreadcrumbList\",\"@id\":\"https:\\\/\\\/harmonie-vaals.nl\\\/blog\\\/de-making-off\\\/#breadcrumb\",\"itemListElement\":[{\"@type\":\"ListItem\",\"position\":1,\"name\":\"Home\",\"item\":\"https:\\\/\\\/harmonie-vaals.nl\\\/blog\\\/\"},{\"@type\":\"ListItem\",\"position\":2,\"name\":\"DE \u201cMAKING OFF\u201d\"}]},{\"@type\":\"WebSite\",\"@id\":\"https:\\\/\\\/harmonie-vaals.nl\\\/blog\\\/#website\",\"url\":\"https:\\\/\\\/harmonie-vaals.nl\\\/blog\\\/\",\"name\":\"Kon. harmonie St. Cecilia 1836 Vaals\",\"description\":\"De Moeziek. Grenzenloos muziek voor jong en oud.\",\"publisher\":{\"@id\":\"https:\\\/\\\/harmonie-vaals.nl\\\/blog\\\/#organization\"},\"alternateName\":\"De Moeziek\",\"potentialAction\":[{\"@type\":\"SearchAction\",\"target\":{\"@type\":\"EntryPoint\",\"urlTemplate\":\"https:\\\/\\\/harmonie-vaals.nl\\\/blog\\\/?s={search_term_string}\"},\"query-input\":{\"@type\":\"PropertyValueSpecification\",\"valueRequired\":true,\"valueName\":\"search_term_string\"}}],\"inLanguage\":\"nl-NL\"},{\"@type\":\"Organization\",\"@id\":\"https:\\\/\\\/harmonie-vaals.nl\\\/blog\\\/#organization\",\"name\":\"Kon. harmonie St. Cecilia 1836 Vaals\",\"alternateName\":\"Kon. harmonie St. Cecilia 1836 Vaals\",\"url\":\"https:\\\/\\\/harmonie-vaals.nl\\\/blog\\\/\",\"logo\":{\"@type\":\"ImageObject\",\"inLanguage\":\"nl-NL\",\"@id\":\"https:\\\/\\\/harmonie-vaals.nl\\\/blog\\\/#\\\/schema\\\/logo\\\/image\\\/\",\"url\":\"https:\\\/\\\/harmonie-vaals.nl\\\/blog\\\/wp-content\\\/uploads\\\/2023\\\/08\\\/Logo2201835zonderteksttransparantmetwit.png\",\"contentUrl\":\"https:\\\/\\\/harmonie-vaals.nl\\\/blog\\\/wp-content\\\/uploads\\\/2023\\\/08\\\/Logo2201835zonderteksttransparantmetwit.png\",\"width\":100,\"height\":100,\"caption\":\"Kon. harmonie St. Cecilia 1836 Vaals\"},\"image\":{\"@id\":\"https:\\\/\\\/harmonie-vaals.nl\\\/blog\\\/#\\\/schema\\\/logo\\\/image\\\/\"},\"sameAs\":[\"https:\\\/\\\/www.facebook.com\\\/DeMoeziek\\\/\",\"https:\\\/\\\/www.instagram.com\\\/harmonievaals\",\"https:\\\/\\\/soundcloud.com\\\/eric-volders\"]}]}<\/script>\n<!-- \/ Yoast SEO plugin. -->","yoast_head_json":{"title":"DE \u201cMAKING OFF\u201d - Kon. harmonie St. Cecilia 1836 Vaals","robots":{"index":"index","follow":"follow","max-snippet":"max-snippet:-1","max-image-preview":"max-image-preview:large","max-video-preview":"max-video-preview:-1"},"canonical":"https:\/\/harmonie-vaals.nl\/blog\/de-making-off\/","og_locale":"nl_NL","og_type":"article","og_title":"DE \u201cMAKING OFF\u201d - Kon. harmonie St. Cecilia 1836 Vaals","og_url":"https:\/\/harmonie-vaals.nl\/blog\/de-making-off\/","og_site_name":"Kon. harmonie St. Cecilia 1836 Vaals","article_publisher":"https:\/\/www.facebook.com\/DeMoeziek\/","article_modified_time":"2025-02-17T07:02:56+00:00","og_image":[{"width":709,"height":709,"url":"https:\/\/harmonie-vaals.nl\/blog\/wp-content\/uploads\/2024\/10\/logo3.png","type":"image\/png"}],"twitter_card":"summary_large_image","twitter_misc":{"Geschatte leestijd":"4 minuten"},"schema":{"@context":"https:\/\/schema.org","@graph":[{"@type":"WebPage","@id":"https:\/\/harmonie-vaals.nl\/blog\/de-making-off\/","url":"https:\/\/harmonie-vaals.nl\/blog\/de-making-off\/","name":"DE \u201cMAKING OFF\u201d - Kon. harmonie St. Cecilia 1836 Vaals","isPartOf":{"@id":"https:\/\/harmonie-vaals.nl\/blog\/#website"},"primaryImageOfPage":{"@id":"https:\/\/harmonie-vaals.nl\/blog\/de-making-off\/#primaryimage"},"image":{"@id":"https:\/\/harmonie-vaals.nl\/blog\/de-making-off\/#primaryimage"},"thumbnailUrl":"https:\/\/harmonie-vaals.nl\/blog\/wp-content\/uploads\/2024\/10\/logo3.png","datePublished":"2025-02-17T07:02:17+00:00","dateModified":"2025-02-17T07:02:56+00:00","breadcrumb":{"@id":"https:\/\/harmonie-vaals.nl\/blog\/de-making-off\/#breadcrumb"},"inLanguage":"nl-NL","potentialAction":[{"@type":"ReadAction","target":["https:\/\/harmonie-vaals.nl\/blog\/de-making-off\/"]}]},{"@type":"ImageObject","inLanguage":"nl-NL","@id":"https:\/\/harmonie-vaals.nl\/blog\/de-making-off\/#primaryimage","url":"https:\/\/harmonie-vaals.nl\/blog\/wp-content\/uploads\/2024\/10\/logo3.png","contentUrl":"https:\/\/harmonie-vaals.nl\/blog\/wp-content\/uploads\/2024\/10\/logo3.png","width":709,"height":709},{"@type":"BreadcrumbList","@id":"https:\/\/harmonie-vaals.nl\/blog\/de-making-off\/#breadcrumb","itemListElement":[{"@type":"ListItem","position":1,"name":"Home","item":"https:\/\/harmonie-vaals.nl\/blog\/"},{"@type":"ListItem","position":2,"name":"DE \u201cMAKING OFF\u201d"}]},{"@type":"WebSite","@id":"https:\/\/harmonie-vaals.nl\/blog\/#website","url":"https:\/\/harmonie-vaals.nl\/blog\/","name":"Kon. harmonie St. Cecilia 1836 Vaals","description":"De Moeziek. Grenzenloos muziek voor jong en oud.","publisher":{"@id":"https:\/\/harmonie-vaals.nl\/blog\/#organization"},"alternateName":"De Moeziek","potentialAction":[{"@type":"SearchAction","target":{"@type":"EntryPoint","urlTemplate":"https:\/\/harmonie-vaals.nl\/blog\/?s={search_term_string}"},"query-input":{"@type":"PropertyValueSpecification","valueRequired":true,"valueName":"search_term_string"}}],"inLanguage":"nl-NL"},{"@type":"Organization","@id":"https:\/\/harmonie-vaals.nl\/blog\/#organization","name":"Kon. harmonie St. Cecilia 1836 Vaals","alternateName":"Kon. harmonie St. Cecilia 1836 Vaals","url":"https:\/\/harmonie-vaals.nl\/blog\/","logo":{"@type":"ImageObject","inLanguage":"nl-NL","@id":"https:\/\/harmonie-vaals.nl\/blog\/#\/schema\/logo\/image\/","url":"https:\/\/harmonie-vaals.nl\/blog\/wp-content\/uploads\/2023\/08\/Logo2201835zonderteksttransparantmetwit.png","contentUrl":"https:\/\/harmonie-vaals.nl\/blog\/wp-content\/uploads\/2023\/08\/Logo2201835zonderteksttransparantmetwit.png","width":100,"height":100,"caption":"Kon. harmonie St. Cecilia 1836 Vaals"},"image":{"@id":"https:\/\/harmonie-vaals.nl\/blog\/#\/schema\/logo\/image\/"},"sameAs":["https:\/\/www.facebook.com\/DeMoeziek\/","https:\/\/www.instagram.com\/harmonievaals","https:\/\/soundcloud.com\/eric-volders"]}]}},"_links":{"self":[{"href":"https:\/\/harmonie-vaals.nl\/blog\/wp-json\/wp\/v2\/pages\/4771","targetHints":{"allow":["GET"]}}],"collection":[{"href":"https:\/\/harmonie-vaals.nl\/blog\/wp-json\/wp\/v2\/pages"}],"about":[{"href":"https:\/\/harmonie-vaals.nl\/blog\/wp-json\/wp\/v2\/types\/page"}],"author":[{"embeddable":true,"href":"https:\/\/harmonie-vaals.nl\/blog\/wp-json\/wp\/v2\/users\/1"}],"replies":[{"embeddable":true,"href":"https:\/\/harmonie-vaals.nl\/blog\/wp-json\/wp\/v2\/comments?post=4771"}],"version-history":[{"count":2,"href":"https:\/\/harmonie-vaals.nl\/blog\/wp-json\/wp\/v2\/pages\/4771\/revisions"}],"predecessor-version":[{"id":4773,"href":"https:\/\/harmonie-vaals.nl\/blog\/wp-json\/wp\/v2\/pages\/4771\/revisions\/4773"}],"wp:featuredmedia":[{"embeddable":true,"href":"https:\/\/harmonie-vaals.nl\/blog\/wp-json\/wp\/v2\/media\/4513"}],"wp:attachment":[{"href":"https:\/\/harmonie-vaals.nl\/blog\/wp-json\/wp\/v2\/media?parent=4771"}],"curies":[{"name":"wp","href":"https:\/\/api.w.org\/{rel}","templated":true}]}}