{"id":1929,"date":"2023-08-04T14:58:42","date_gmt":"2023-08-04T14:58:42","guid":{"rendered":"https:\/\/harmonie-vaals.nl\/blog\/?page_id=1929"},"modified":"2024-04-05T18:01:33","modified_gmt":"2024-04-05T18:01:33","slug":"van-carnavalsconcert-tot-carnavalsrevue","status":"publish","type":"page","link":"https:\/\/harmonie-vaals.nl\/blog\/van-carnavalsconcert-tot-carnavalsrevue\/","title":{"rendered":"Van carnavalsconcert tot carnavalsrevue"},"content":{"rendered":"<div class=\"fusion-fullwidth fullwidth-box fusion-builder-row-1 fusion-flex-container has-pattern-background has-mask-background nonhundred-percent-fullwidth non-hundred-percent-height-scrolling\" style=\"--awb-border-radius-top-left:0px;--awb-border-radius-top-right:0px;--awb-border-radius-bottom-right:0px;--awb-border-radius-bottom-left:0px;--awb-flex-wrap:wrap;\" ><div class=\"fusion-builder-row fusion-row fusion-flex-align-items-flex-start fusion-flex-content-wrap\" style=\"max-width:1404px;margin-left: calc(-4% \/ 2 );margin-right: calc(-4% \/ 2 );\"><div class=\"fusion-layout-column fusion_builder_column fusion-builder-column-0 fusion_builder_column_3_5 3_5 fusion-flex-column\" style=\"--awb-bg-size:cover;--awb-width-large:60%;--awb-margin-top-large:0px;--awb-spacing-right-large:3.2%;--awb-margin-bottom-large:20px;--awb-spacing-left-large:3.2%;--awb-width-medium:100%;--awb-order-medium:0;--awb-spacing-right-medium:1.92%;--awb-spacing-left-medium:1.92%;--awb-width-small:100%;--awb-order-small:0;--awb-spacing-right-small:1.92%;--awb-spacing-left-small:1.92%;\"><div class=\"fusion-column-wrapper fusion-column-has-shadow fusion-flex-justify-content-flex-start fusion-content-layout-column\"><div class=\"fusion-text fusion-text-1\"><div id=\"cib-chat-main\" class=\"main\">\n<div class=\"message\">\n<div class=\"content\" tabindex=\"0\" aria-description=\"\" aria-label=\"Gesendet von Copilot: Op **5 februari 1995** vond het allereerste Carnavalsconcert van de harmonie plaats in het **Grens\u00fclle-paviljoen**, gelegen op de parkeerplaats achter restaurant 'De Suisse'. Dit luchtige concert omvatte zang en humoristische verbindende teksten van **Hans Pelzer**. In de daaropvolgende jaren verhuisde het paviljoen naar het gemeentelijke sportpark en kreeg de presentatie van het concert een steeds prominentere rol. **Marco Fr\u00f6hling** en **Huub Zegers** namen de presentatie over. In 1998 traden ze op als **Heidi &amp; Peter**, in 2002 als het aanstaande bruidspaar **Willem Alexander en Maxima** tijdens hun 'Polterovvend'. In 2003 begonnen de eerste contouren van een verhaal zichtbaar te worden, toen de harmonie in haar revue het thema van de aanstaande uitvoeringszaal aansneed: 'Vuur setze der mei oop der zaal'. \n\nIn **2004** werd het carnavalsconcert ter ere van muzikant, arrangeur en vice-dirigent **Hub Deitz** omgedoopt tot de **Hub Deitz Carnavalsrevue**. De voorstellingen kregen steeds meer de allure van een revue. Acteurs, zangsolisten en dansgroepen werden vaste ingredi\u00ebnten. De eerste revue in de nieuwe zaal '**De Obelisk**', getiteld '**\u00c4sterix en Obelisk**', was een voorproefje van de revue zoals die de laatste jaren op de b\u00fchne verscheen: een cryptische titel, een humoristisch verhaal, unieke typetjes, geweldige solisten, prachtige kostuums, indrukwekkende decors en een spetterend repertoire. En niet te vergeten: dirigent **Gerhard Sporken**, die deze 'Riesenspass' vol enthousiasme beleefde. \n\nAchtereenvolgens volgden de volgende revues op de b\u00fchne:\n- **2005**: 'Tussje Hemmel en E\u00ebd'\n- **2006**: 'Wasser, Wasser'\n- **2007**: 'Hoppe Hoppe Reiter'\n- **2008**: 'Et is noch suppe da'\n- **2009**: 'Hemmelsjte\u00ebre Anieslakrits'\n- **2010**: 'La viet, la voot, la vinsterleer'\n- **2011**: 'Wen et sjwats sjneijt'\n\nDe Moeziek-revue is in het Vaalser carnavalsseizoen niet meer weg te denken, en de volgende revue is al in de maak! \ud83c\udfad\ud83c\udfb6\"><\/p>\n<div class=\"ac-container ac-adaptiveCard\">\n<div class=\"ac-textBlock\">\n<span class=\"fusion-dropcap dropcap\">O<\/span>p <strong>5 februari 1995<\/strong> vond het allereerste Carnavalsconcert van de harmonie plaats in het <strong>Grens\u00fclle-paviljoen<\/strong>, gelegen op de parkeerplaats achter restaurant \u201cDe Suisse\u201d. Dit luchtige concert omvatte zang en humoristische verbindende teksten van <strong>Hans Pelzer<\/strong>. In de daaropvolgende jaren verhuisde het paviljoen naar het gemeentelijke sportpark en kreeg de presentatie van het concert een steeds prominentere rol. <strong>Marco Fr\u00f6hling<\/strong> en <strong>Huub Zegers<\/strong> namen de presentatie over. In 1998 traden ze op als <strong>Heidi &amp; Peter<\/strong>, in 2002 als het aanstaande bruidspaar <strong>Willem Alexander en Maxima<\/strong> tijdens hun \u201cPolterovvend\u201d. In 2003 begonnen de eerste contouren van een verhaal zichtbaar te worden, toen de harmonie in haar revue het thema van de aanstaande uitvoeringszaal aansneed: \u201cVuur setze der mei oop der zaal\u201d.<\/p>\n<p><span class=\"fusion-dropcap dropcap\">I<\/span>n <strong>2004<\/strong> werd het carnavalsconcert ter ere van muzikant, arrangeur en vice-dirigent <strong>Hub Deitz<\/strong> omgedoopt tot de <strong>Hub Deitz Carnavalsrevue<\/strong>. De voorstellingen kregen steeds meer de allure van een revue. Acteurs, zangsolisten en dansgroepen werden vaste ingredi\u00ebnten. De eerste revue in de nieuwe zaal \u201c<strong>De Obelisk<\/strong>\u201d, getiteld \u201c<strong>\u00c4sterix en Obelisk<\/strong>\u201d, was een voorproefje van de revue zoals die de laatste jaren op de b\u00fchne verscheen: een cryptische titel, een humoristisch verhaal, unieke typetjes, geweldige solisten, prachtige kostuums, indrukwekkende decors en een spetterend repertoire. En niet te vergeten: dirigent <strong>Gerhard Sporken<\/strong>, die deze \u201cRiesenspass\u201d vol enthousiasme beleefde.<\/p>\n<p>Achtereenvolgens volgden de volgende revues op de b\u00fchne:<\/p>\n<ul>\n<li><strong>2005<\/strong>: \u201cTussje Hemmel en E\u00ebd\u201d<\/li>\n<li><strong>2006<\/strong>: \u201cWasser, Wasser\u201d<\/li>\n<li><strong>2007<\/strong>: \u201cHoppe Hoppe Reiter\u201d<\/li>\n<li><strong>2008<\/strong>: \u201cEt is noch suppe da\u201d<\/li>\n<li><strong>2009<\/strong>: \u201cHemmelsjte\u00ebre Anieslakrits\u201d<\/li>\n<li><strong>2010<\/strong>: \u201cLa viet, la voot, la vinsterleer\u201d<\/li>\n<li><strong>2011<\/strong>: \u201cWen et sjwats sjneijt\u201d<\/li>\n<\/ul>\n<p>De Moeziek-revue is in het Vaalser carnavalsseizoen niet meer weg te denken, en de volgende revue is al in de maak! \ud83c\udfad\ud83c\udfb6<\/p>\n<\/div>\n<\/div>\n<\/div>\n<\/div>\n<\/div>\n<\/div><\/div><\/div><div class=\"fusion-layout-column fusion_builder_column fusion-builder-column-1 fusion_builder_column_2_5 2_5 fusion-flex-column\" style=\"--awb-bg-size:cover;--awb-width-large:40%;--awb-margin-top-large:0px;--awb-spacing-right-large:4.8%;--awb-margin-bottom-large:20px;--awb-spacing-left-large:4.8%;--awb-width-medium:100%;--awb-order-medium:0;--awb-spacing-right-medium:1.92%;--awb-spacing-left-medium:1.92%;--awb-width-small:100%;--awb-order-small:0;--awb-spacing-right-small:1.92%;--awb-spacing-left-small:1.92%;\"><div class=\"fusion-column-wrapper fusion-column-has-shadow fusion-flex-justify-content-flex-start fusion-content-layout-column\"><div class=\"fusion-image-element \" style=\"--awb-caption-title-font-family:var(--h2_typography-font-family);--awb-caption-title-font-weight:var(--h2_typography-font-weight);--awb-caption-title-font-style:var(--h2_typography-font-style);--awb-caption-title-size:var(--h2_typography-font-size);--awb-caption-title-transform:var(--h2_typography-text-transform);--awb-caption-title-line-height:var(--h2_typography-line-height);--awb-caption-title-letter-spacing:var(--h2_typography-letter-spacing);\"><span class=\" fusion-imageframe imageframe-none imageframe-1 hover-type-none\"><img decoding=\"async\" width=\"1600\" height=\"1066\" title=\"HDCR2014_AuwBanaan4\" src=\"https:\/\/harmonie-vaals.nl\/blog\/wp-content\/uploads\/2023\/08\/HDCR2014_AuwBanaan4.jpg\" data-orig-src=\"https:\/\/harmonie-vaals.nl\/blog\/wp-content\/uploads\/2023\/08\/HDCR2014_AuwBanaan4.jpg\" alt class=\"lazyload img-responsive wp-image-1689\" srcset=\"data:image\/svg+xml,%3Csvg%20xmlns%3D%27http%3A%2F%2Fwww.w3.org%2F2000%2Fsvg%27%20width%3D%271600%27%20height%3D%271066%27%20viewBox%3D%270%200%201600%201066%27%3E%3Crect%20width%3D%271600%27%20height%3D%271066%27%20fill-opacity%3D%220%22%2F%3E%3C%2Fsvg%3E\" data-srcset=\"https:\/\/harmonie-vaals.nl\/blog\/wp-content\/uploads\/2023\/08\/HDCR2014_AuwBanaan4-200x133.jpg 200w, https:\/\/harmonie-vaals.nl\/blog\/wp-content\/uploads\/2023\/08\/HDCR2014_AuwBanaan4-400x267.jpg 400w, https:\/\/harmonie-vaals.nl\/blog\/wp-content\/uploads\/2023\/08\/HDCR2014_AuwBanaan4-600x400.jpg 600w, https:\/\/harmonie-vaals.nl\/blog\/wp-content\/uploads\/2023\/08\/HDCR2014_AuwBanaan4-800x533.jpg 800w, https:\/\/harmonie-vaals.nl\/blog\/wp-content\/uploads\/2023\/08\/HDCR2014_AuwBanaan4-1200x800.jpg 1200w, https:\/\/harmonie-vaals.nl\/blog\/wp-content\/uploads\/2023\/08\/HDCR2014_AuwBanaan4.jpg 1600w\" data-sizes=\"auto\" data-orig-sizes=\"(max-width: 900px) 100vw, (max-width: 640px) 100vw, 600px\" \/><\/span><\/div><\/div><\/div><\/div><\/div>\n","protected":false},"excerpt":{"rendered":"","protected":false},"author":1,"featured_media":3109,"parent":0,"menu_order":0,"comment_status":"closed","ping_status":"closed","template":"","meta":{"footnotes":""},"class_list":["post-1929","page","type-page","status-publish","has-post-thumbnail","hentry"],"yoast_head":"<!-- This site is optimized with the Yoast SEO plugin v27.5 - https:\/\/yoast.com\/product\/yoast-seo-wordpress\/ -->\n<title>Van carnavalsconcert tot carnavalsrevue - Kon. harmonie St. Cecilia 1836 Vaals<\/title>\n<meta name=\"robots\" content=\"index, follow, max-snippet:-1, max-image-preview:large, max-video-preview:-1\" \/>\n<link rel=\"canonical\" href=\"https:\/\/harmonie-vaals.nl\/blog\/van-carnavalsconcert-tot-carnavalsrevue\/\" \/>\n<meta property=\"og:locale\" content=\"nl_NL\" \/>\n<meta property=\"og:type\" content=\"article\" \/>\n<meta property=\"og:title\" content=\"Van carnavalsconcert tot carnavalsrevue - Kon. harmonie St. Cecilia 1836 Vaals\" \/>\n<meta property=\"og:url\" content=\"https:\/\/harmonie-vaals.nl\/blog\/van-carnavalsconcert-tot-carnavalsrevue\/\" \/>\n<meta property=\"og:site_name\" content=\"Kon. harmonie St. Cecilia 1836 Vaals\" \/>\n<meta property=\"article:publisher\" content=\"https:\/\/www.facebook.com\/DeMoeziek\/\" \/>\n<meta property=\"article:modified_time\" content=\"2024-04-05T18:01:33+00:00\" \/>\n<meta property=\"og:image\" content=\"https:\/\/harmonie-vaals.nl\/blog\/wp-content\/uploads\/2023\/08\/HDCR2017_Hub-Deitz-Revue2007-1.jpg\" \/>\n\t<meta property=\"og:image:width\" content=\"1600\" \/>\n\t<meta property=\"og:image:height\" content=\"305\" \/>\n\t<meta property=\"og:image:type\" content=\"image\/jpeg\" \/>\n<meta name=\"twitter:card\" content=\"summary_large_image\" \/>\n<meta name=\"twitter:label1\" content=\"Geschatte leestijd\" \/>\n\t<meta name=\"twitter:data1\" content=\"3 minuten\" \/>\n<script type=\"application\/ld+json\" class=\"yoast-schema-graph\">{\"@context\":\"https:\\\/\\\/schema.org\",\"@graph\":[{\"@type\":\"WebPage\",\"@id\":\"https:\\\/\\\/harmonie-vaals.nl\\\/blog\\\/van-carnavalsconcert-tot-carnavalsrevue\\\/\",\"url\":\"https:\\\/\\\/harmonie-vaals.nl\\\/blog\\\/van-carnavalsconcert-tot-carnavalsrevue\\\/\",\"name\":\"Van carnavalsconcert tot carnavalsrevue - Kon. harmonie St. Cecilia 1836 Vaals\",\"isPartOf\":{\"@id\":\"https:\\\/\\\/harmonie-vaals.nl\\\/blog\\\/#website\"},\"primaryImageOfPage\":{\"@id\":\"https:\\\/\\\/harmonie-vaals.nl\\\/blog\\\/van-carnavalsconcert-tot-carnavalsrevue\\\/#primaryimage\"},\"image\":{\"@id\":\"https:\\\/\\\/harmonie-vaals.nl\\\/blog\\\/van-carnavalsconcert-tot-carnavalsrevue\\\/#primaryimage\"},\"thumbnailUrl\":\"https:\\\/\\\/harmonie-vaals.nl\\\/blog\\\/wp-content\\\/uploads\\\/2023\\\/08\\\/HDCR2017_Hub-Deitz-Revue2007-1.jpg\",\"datePublished\":\"2023-08-04T14:58:42+00:00\",\"dateModified\":\"2024-04-05T18:01:33+00:00\",\"breadcrumb\":{\"@id\":\"https:\\\/\\\/harmonie-vaals.nl\\\/blog\\\/van-carnavalsconcert-tot-carnavalsrevue\\\/#breadcrumb\"},\"inLanguage\":\"nl-NL\",\"potentialAction\":[{\"@type\":\"ReadAction\",\"target\":[\"https:\\\/\\\/harmonie-vaals.nl\\\/blog\\\/van-carnavalsconcert-tot-carnavalsrevue\\\/\"]}]},{\"@type\":\"ImageObject\",\"inLanguage\":\"nl-NL\",\"@id\":\"https:\\\/\\\/harmonie-vaals.nl\\\/blog\\\/van-carnavalsconcert-tot-carnavalsrevue\\\/#primaryimage\",\"url\":\"https:\\\/\\\/harmonie-vaals.nl\\\/blog\\\/wp-content\\\/uploads\\\/2023\\\/08\\\/HDCR2017_Hub-Deitz-Revue2007-1.jpg\",\"contentUrl\":\"https:\\\/\\\/harmonie-vaals.nl\\\/blog\\\/wp-content\\\/uploads\\\/2023\\\/08\\\/HDCR2017_Hub-Deitz-Revue2007-1.jpg\",\"width\":1600,\"height\":305},{\"@type\":\"BreadcrumbList\",\"@id\":\"https:\\\/\\\/harmonie-vaals.nl\\\/blog\\\/van-carnavalsconcert-tot-carnavalsrevue\\\/#breadcrumb\",\"itemListElement\":[{\"@type\":\"ListItem\",\"position\":1,\"name\":\"Home\",\"item\":\"https:\\\/\\\/harmonie-vaals.nl\\\/blog\\\/\"},{\"@type\":\"ListItem\",\"position\":2,\"name\":\"Van carnavalsconcert tot carnavalsrevue\"}]},{\"@type\":\"WebSite\",\"@id\":\"https:\\\/\\\/harmonie-vaals.nl\\\/blog\\\/#website\",\"url\":\"https:\\\/\\\/harmonie-vaals.nl\\\/blog\\\/\",\"name\":\"Kon. harmonie St. Cecilia 1836 Vaals\",\"description\":\"De Moeziek. Grenzenloos muziek voor jong en oud.\",\"publisher\":{\"@id\":\"https:\\\/\\\/harmonie-vaals.nl\\\/blog\\\/#organization\"},\"alternateName\":\"De Moeziek\",\"potentialAction\":[{\"@type\":\"SearchAction\",\"target\":{\"@type\":\"EntryPoint\",\"urlTemplate\":\"https:\\\/\\\/harmonie-vaals.nl\\\/blog\\\/?s={search_term_string}\"},\"query-input\":{\"@type\":\"PropertyValueSpecification\",\"valueRequired\":true,\"valueName\":\"search_term_string\"}}],\"inLanguage\":\"nl-NL\"},{\"@type\":\"Organization\",\"@id\":\"https:\\\/\\\/harmonie-vaals.nl\\\/blog\\\/#organization\",\"name\":\"Kon. harmonie St. Cecilia 1836 Vaals\",\"alternateName\":\"Kon. harmonie St. Cecilia 1836 Vaals\",\"url\":\"https:\\\/\\\/harmonie-vaals.nl\\\/blog\\\/\",\"logo\":{\"@type\":\"ImageObject\",\"inLanguage\":\"nl-NL\",\"@id\":\"https:\\\/\\\/harmonie-vaals.nl\\\/blog\\\/#\\\/schema\\\/logo\\\/image\\\/\",\"url\":\"https:\\\/\\\/harmonie-vaals.nl\\\/blog\\\/wp-content\\\/uploads\\\/2023\\\/08\\\/Logo2201835zonderteksttransparantmetwit.png\",\"contentUrl\":\"https:\\\/\\\/harmonie-vaals.nl\\\/blog\\\/wp-content\\\/uploads\\\/2023\\\/08\\\/Logo2201835zonderteksttransparantmetwit.png\",\"width\":100,\"height\":100,\"caption\":\"Kon. harmonie St. Cecilia 1836 Vaals\"},\"image\":{\"@id\":\"https:\\\/\\\/harmonie-vaals.nl\\\/blog\\\/#\\\/schema\\\/logo\\\/image\\\/\"},\"sameAs\":[\"https:\\\/\\\/www.facebook.com\\\/DeMoeziek\\\/\",\"https:\\\/\\\/www.instagram.com\\\/harmonievaals\",\"https:\\\/\\\/soundcloud.com\\\/eric-volders\"]}]}<\/script>\n<!-- \/ Yoast SEO plugin. -->","yoast_head_json":{"title":"Van carnavalsconcert tot carnavalsrevue - Kon. harmonie St. Cecilia 1836 Vaals","robots":{"index":"index","follow":"follow","max-snippet":"max-snippet:-1","max-image-preview":"max-image-preview:large","max-video-preview":"max-video-preview:-1"},"canonical":"https:\/\/harmonie-vaals.nl\/blog\/van-carnavalsconcert-tot-carnavalsrevue\/","og_locale":"nl_NL","og_type":"article","og_title":"Van carnavalsconcert tot carnavalsrevue - Kon. harmonie St. Cecilia 1836 Vaals","og_url":"https:\/\/harmonie-vaals.nl\/blog\/van-carnavalsconcert-tot-carnavalsrevue\/","og_site_name":"Kon. harmonie St. Cecilia 1836 Vaals","article_publisher":"https:\/\/www.facebook.com\/DeMoeziek\/","article_modified_time":"2024-04-05T18:01:33+00:00","og_image":[{"width":1600,"height":305,"url":"https:\/\/harmonie-vaals.nl\/blog\/wp-content\/uploads\/2023\/08\/HDCR2017_Hub-Deitz-Revue2007-1.jpg","type":"image\/jpeg"}],"twitter_card":"summary_large_image","twitter_misc":{"Geschatte leestijd":"3 minuten"},"schema":{"@context":"https:\/\/schema.org","@graph":[{"@type":"WebPage","@id":"https:\/\/harmonie-vaals.nl\/blog\/van-carnavalsconcert-tot-carnavalsrevue\/","url":"https:\/\/harmonie-vaals.nl\/blog\/van-carnavalsconcert-tot-carnavalsrevue\/","name":"Van carnavalsconcert tot carnavalsrevue - Kon. harmonie St. Cecilia 1836 Vaals","isPartOf":{"@id":"https:\/\/harmonie-vaals.nl\/blog\/#website"},"primaryImageOfPage":{"@id":"https:\/\/harmonie-vaals.nl\/blog\/van-carnavalsconcert-tot-carnavalsrevue\/#primaryimage"},"image":{"@id":"https:\/\/harmonie-vaals.nl\/blog\/van-carnavalsconcert-tot-carnavalsrevue\/#primaryimage"},"thumbnailUrl":"https:\/\/harmonie-vaals.nl\/blog\/wp-content\/uploads\/2023\/08\/HDCR2017_Hub-Deitz-Revue2007-1.jpg","datePublished":"2023-08-04T14:58:42+00:00","dateModified":"2024-04-05T18:01:33+00:00","breadcrumb":{"@id":"https:\/\/harmonie-vaals.nl\/blog\/van-carnavalsconcert-tot-carnavalsrevue\/#breadcrumb"},"inLanguage":"nl-NL","potentialAction":[{"@type":"ReadAction","target":["https:\/\/harmonie-vaals.nl\/blog\/van-carnavalsconcert-tot-carnavalsrevue\/"]}]},{"@type":"ImageObject","inLanguage":"nl-NL","@id":"https:\/\/harmonie-vaals.nl\/blog\/van-carnavalsconcert-tot-carnavalsrevue\/#primaryimage","url":"https:\/\/harmonie-vaals.nl\/blog\/wp-content\/uploads\/2023\/08\/HDCR2017_Hub-Deitz-Revue2007-1.jpg","contentUrl":"https:\/\/harmonie-vaals.nl\/blog\/wp-content\/uploads\/2023\/08\/HDCR2017_Hub-Deitz-Revue2007-1.jpg","width":1600,"height":305},{"@type":"BreadcrumbList","@id":"https:\/\/harmonie-vaals.nl\/blog\/van-carnavalsconcert-tot-carnavalsrevue\/#breadcrumb","itemListElement":[{"@type":"ListItem","position":1,"name":"Home","item":"https:\/\/harmonie-vaals.nl\/blog\/"},{"@type":"ListItem","position":2,"name":"Van carnavalsconcert tot carnavalsrevue"}]},{"@type":"WebSite","@id":"https:\/\/harmonie-vaals.nl\/blog\/#website","url":"https:\/\/harmonie-vaals.nl\/blog\/","name":"Kon. harmonie St. Cecilia 1836 Vaals","description":"De Moeziek. Grenzenloos muziek voor jong en oud.","publisher":{"@id":"https:\/\/harmonie-vaals.nl\/blog\/#organization"},"alternateName":"De Moeziek","potentialAction":[{"@type":"SearchAction","target":{"@type":"EntryPoint","urlTemplate":"https:\/\/harmonie-vaals.nl\/blog\/?s={search_term_string}"},"query-input":{"@type":"PropertyValueSpecification","valueRequired":true,"valueName":"search_term_string"}}],"inLanguage":"nl-NL"},{"@type":"Organization","@id":"https:\/\/harmonie-vaals.nl\/blog\/#organization","name":"Kon. harmonie St. Cecilia 1836 Vaals","alternateName":"Kon. harmonie St. Cecilia 1836 Vaals","url":"https:\/\/harmonie-vaals.nl\/blog\/","logo":{"@type":"ImageObject","inLanguage":"nl-NL","@id":"https:\/\/harmonie-vaals.nl\/blog\/#\/schema\/logo\/image\/","url":"https:\/\/harmonie-vaals.nl\/blog\/wp-content\/uploads\/2023\/08\/Logo2201835zonderteksttransparantmetwit.png","contentUrl":"https:\/\/harmonie-vaals.nl\/blog\/wp-content\/uploads\/2023\/08\/Logo2201835zonderteksttransparantmetwit.png","width":100,"height":100,"caption":"Kon. harmonie St. Cecilia 1836 Vaals"},"image":{"@id":"https:\/\/harmonie-vaals.nl\/blog\/#\/schema\/logo\/image\/"},"sameAs":["https:\/\/www.facebook.com\/DeMoeziek\/","https:\/\/www.instagram.com\/harmonievaals","https:\/\/soundcloud.com\/eric-volders"]}]}},"_links":{"self":[{"href":"https:\/\/harmonie-vaals.nl\/blog\/wp-json\/wp\/v2\/pages\/1929","targetHints":{"allow":["GET"]}}],"collection":[{"href":"https:\/\/harmonie-vaals.nl\/blog\/wp-json\/wp\/v2\/pages"}],"about":[{"href":"https:\/\/harmonie-vaals.nl\/blog\/wp-json\/wp\/v2\/types\/page"}],"author":[{"embeddable":true,"href":"https:\/\/harmonie-vaals.nl\/blog\/wp-json\/wp\/v2\/users\/1"}],"replies":[{"embeddable":true,"href":"https:\/\/harmonie-vaals.nl\/blog\/wp-json\/wp\/v2\/comments?post=1929"}],"version-history":[{"count":6,"href":"https:\/\/harmonie-vaals.nl\/blog\/wp-json\/wp\/v2\/pages\/1929\/revisions"}],"predecessor-version":[{"id":3883,"href":"https:\/\/harmonie-vaals.nl\/blog\/wp-json\/wp\/v2\/pages\/1929\/revisions\/3883"}],"wp:featuredmedia":[{"embeddable":true,"href":"https:\/\/harmonie-vaals.nl\/blog\/wp-json\/wp\/v2\/media\/3109"}],"wp:attachment":[{"href":"https:\/\/harmonie-vaals.nl\/blog\/wp-json\/wp\/v2\/media?parent=1929"}],"curies":[{"name":"wp","href":"https:\/\/api.w.org\/{rel}","templated":true}]}}